{"id":264,"date":"2022-06-07T15:23:51","date_gmt":"2022-06-07T13:23:51","guid":{"rendered":"https:\/\/webstoreanjou.passionsports49.fr\/?post_type=product&#038;p=264"},"modified":"2022-07-08T10:38:02","modified_gmt":"2022-07-08T08:38:02","slug":"thavil","status":"publish","type":"product","link":"https:\/\/webstoreanjou.passionsports49.fr\/index.php\/produit\/thavil\/","title":{"rendered":"Thavil"},"content":{"rendered":"<p>Polo \u00e0 2 boutons, en tissu Hydrotex, piquet polyester l\u00e9ger et confortable. Dos en micromesh pour une excellente a\u00e9ration. Le design optique, sublim\u00e9 ton sur ton, a \u00e9t\u00e9 con\u00e7u pour les Pro-club de la saison 20-21. Disponible en sept assortiments de couleurs. Fait partie du nouveau Total Look Inspire.<\/p>\n<ul>\n<li>Col polo \u00e0 boutons<\/li>\n<li>Empi\u00e8cements en r\u00e9sille pour favoriser la transpiration du corps<\/li>\n<li>Bords en tricot<\/li>\n<\/ul>\n<p><strong>Polyester<\/strong>: Ce tissu technique a \u00e9t\u00e9 con\u00e7u sp\u00e9cifiquement pour les terrains de jeux. Il est l\u00e9ger, doux au toucher et tr\u00e8s r\u00e9sistant aux d\u00e9chirures. Le s\u00e9chage rapide est garanti.<\/p>\n<p><strong>Lavage en machine maximum 30\u00b0 C &#8211; S\u00e9chage en machine interdit.<\/strong><\/p>\n<p><strong>Pour les tailles 3XS, 2XS, 4XL et 5XL : commandes sur demande<\/strong>. Mettre une autre taille, puis \u00e9crire la taille choisie par \u00e9crit lors de la validation de votre commande dans \u00ab\u00a0informations compl\u00e9mentaires\u00a0\u00bb.<\/p>\n<p>Fit :\u00a0<span style=\"color: #0000ff;\"><a style=\"color: #0000ff;\" href=\"https:\/\/webstoreanjou.passionsports49.fr\/wp-content\/uploads\/2022\/06\/FIT.jpg\" target=\"_blank\" rel=\"noopener\">Slim<\/a><\/span><span style=\"color: #0000ff;\">\u00a0<\/span><\/p>\n<p><a href=\"https:\/\/webstoreanjou.passionsports49.fr\/wp-content\/uploads\/2022\/06\/Guide-des-tailles.jpg\"><img loading=\"lazy\" decoding=\"async\" class=\"aligncenter wp-image-73 size-full\" src=\"https:\/\/webstoreanjou.passionsports49.fr\/wp-content\/uploads\/2022\/06\/Guide-des-tailles.jpg\" alt=\"\" width=\"1015\" height=\"577\" srcset=\"https:\/\/webstoreanjou.passionsports49.fr\/wp-content\/uploads\/2022\/06\/Guide-des-tailles.jpg 1015w, https:\/\/webstoreanjou.passionsports49.fr\/wp-content\/uploads\/2022\/06\/Guide-des-tailles-980x557.jpg 980w, https:\/\/webstoreanjou.passionsports49.fr\/wp-content\/uploads\/2022\/06\/Guide-des-tailles-480x273.jpg 480w\" sizes=\"(min-width: 0px) and (max-width: 480px) 480px, (min-width: 481px) and (max-width: 980px) 980px, (min-width: 981px) 1015px, 100vw\" \/><\/a><\/p>\n","protected":false},"excerpt":{"rendered":"<p>Polo \u00e0 2 boutons, en tissu Hydrotex, piquet polyester l\u00e9ger et confortable. Dos en micromesh pour une excellente a\u00e9ration. Le design optique, sublim\u00e9 ton sur ton, a \u00e9t\u00e9 con\u00e7u pour les Pro-club de la saison 20-21. Disponible en sept assortiments de couleurs. Fait partie du nouveau Total Look Inspire.<\/p>\n<ul>\n<li>Col polo \u00e0 boutons<\/li>\n<li>Empi\u00e8cements en r\u00e9sille pour favoriser la transpiration du corps<\/li>\n<li>Bords en tricot<\/li>\n<\/ul>\n<p><strong>Polyester<\/strong>: Ce tissu technique a \u00e9t\u00e9 con\u00e7u sp\u00e9cifiquement pour les terrains de jeux. Il est l\u00e9ger, doux au toucher et tr\u00e8s r\u00e9sistant aux d\u00e9chirures. Le s\u00e9chage rapide est garanti.<\/p>\n<p><strong>Lavage en machine maximum 30\u00b0 C &#8211; S\u00e9chage en machine interdit.<\/strong><\/p>\n<p><strong>Pour les tailles 3XS, 2XS, 4XL et 5XL : commandes sur demande<\/strong>. Mettre une autre taille, puis \u00e9crire la taille choisie par \u00e9crit lors de la validation de votre commande dans \u00ab\u00a0informations compl\u00e9mentaires\u00a0\u00bb.<\/p>\n<p>Fit :\u00a0<span style=\"color: #0000ff;\"><a style=\"color: #0000ff;\" href=\"https:\/\/webstoreanjou.passionsports49.fr\/wp-content\/uploads\/2022\/06\/FIT.jpg\" target=\"_blank\" rel=\"noopener\">Slim<\/a><\/span><span style=\"color: #0000ff;\">\u00a0<\/span><\/p>\n<p><a href=\"https:\/\/webstoreanjou.passionsports49.fr\/wp-content\/uploads\/2022\/06\/Guide-des-tailles.jpg\"><img loading=\"lazy\" decoding=\"async\" class=\"aligncenter wp-image-73 size-full\" src=\"https:\/\/webstoreanjou.passionsports49.fr\/wp-content\/uploads\/2022\/06\/Guide-des-tailles.jpg\" alt=\"\" width=\"1015\" height=\"577\" srcset=\"https:\/\/webstoreanjou.passionsports49.fr\/wp-content\/uploads\/2022\/06\/Guide-des-tailles.jpg 1015w, https:\/\/webstoreanjou.passionsports49.fr\/wp-content\/uploads\/2022\/06\/Guide-des-tailles-980x557.jpg 980w, https:\/\/webstoreanjou.passionsports49.fr\/wp-content\/uploads\/2022\/06\/Guide-des-tailles-480x273.jpg 480w\" sizes=\"(min-width: 0px) and (max-width: 480px) 480px, (min-width: 481px) and (max-width: 980px) 980px, (min-width: 981px) 1015px, 100vw\" \/><\/a><\/p>\n","protected":false},"featured_media":502,"comment_status":"open","ping_status":"closed","template":"","meta":{"_et_pb_use_builder":"off","_et_pb_old_content":"Polo \u00e0 2\u00a0boutons en Hydrotex, piqu\u00e9 de polyester l\u00e9ger et confortable. La micror\u00e9sille post\u00e9rieure garantit une respirabilit\u00e9 maximale, tandis que le rabat des boutons et les poignets sont en tricot. Texture sublim\u00e9e avec illusion d'optique sur les manches et les \u00e9paules.\r\n<ul>\r\n \t<li>Bords en tricot<\/li>\r\n<\/ul>\r\n<strong>Polyester<\/strong>: Ce tissu technique a \u00e9t\u00e9 con\u00e7u sp\u00e9cifiquement pour les terrains de jeux. Il est l\u00e9ger, doux au toucher et tr\u00e8s r\u00e9sistant aux d\u00e9chirures. Le s\u00e9chage rapide est garanti.","_et_gb_content_width":"","_monsterinsights_skip_tracking":false,"_monsterinsights_sitenote_active":false,"_monsterinsights_sitenote_note":"","_monsterinsights_sitenote_category":0,"_uf_show_specific_survey":0,"_uf_disable_surveys":false},"product_brand":[],"product_cat":[28,54,106],"product_tag":[95],"class_list":{"0":"post-264","1":"product","2":"type-product","3":"status-publish","4":"has-post-thumbnail","6":"product_cat-polos","7":"product_cat-boutique","8":"product_cat-temps-libre","9":"product_tag-polo","11":"first","12":"instock","13":"shipping-taxable","14":"purchasable","15":"product-type-variable","16":"has-default-attributes"},"supplier_id":null,"supplier_sku":"","barcode":null,"atum_controlled":true,"out_stock_date":null,"out_stock_threshold":null,"inheritable":true,"inbound_stock":null,"stock_on_hold":0,"sold_today":0,"sales_last_days":0,"reserved_stock":null,"customer_returns":null,"warehouse_damage":null,"lost_in_post":null,"other_logs":null,"out_stock_days":0,"lost_sales":0,"has_location":false,"update_date":"2026-04-16T10:33:39","atum_locations":[],"atum_stock_status":"instock","restock_status":false,"low_stock_amount":"","sales_update_date":"2026-04-16T10:33:39","calc_backorders":null,"_links":{"self":[{"href":"https:\/\/webstoreanjou.passionsports49.fr\/index.php\/wp-json\/wp\/v2\/product\/264","targetHints":{"allow":["GET"]}}],"collection":[{"href":"https:\/\/webstoreanjou.passionsports49.fr\/index.php\/wp-json\/wp\/v2\/product"}],"about":[{"href":"https:\/\/webstoreanjou.passionsports49.fr\/index.php\/wp-json\/wp\/v2\/types\/product"}],"replies":[{"embeddable":true,"href":"https:\/\/webstoreanjou.passionsports49.fr\/index.php\/wp-json\/wp\/v2\/comments?post=264"}],"wp:featuredmedia":[{"embeddable":true,"href":"https:\/\/webstoreanjou.passionsports49.fr\/index.php\/wp-json\/wp\/v2\/media\/502"}],"wp:attachment":[{"href":"https:\/\/webstoreanjou.passionsports49.fr\/index.php\/wp-json\/wp\/v2\/media?parent=264"}],"wp:term":[{"taxonomy":"product_brand","embeddable":true,"href":"https:\/\/webstoreanjou.passionsports49.fr\/index.php\/wp-json\/wp\/v2\/product_brand?post=264"},{"taxonomy":"product_cat","embeddable":true,"href":"https:\/\/webstoreanjou.passionsports49.fr\/index.php\/wp-json\/wp\/v2\/product_cat?post=264"},{"taxonomy":"product_tag","embeddable":true,"href":"https:\/\/webstoreanjou.passionsports49.fr\/index.php\/wp-json\/wp\/v2\/product_tag?post=264"}],"curies":[{"name":"wp","href":"https:\/\/api.w.org\/{rel}","templated":true}]}}